{"id":29104,"date":"2020-01-06T18:22:19","date_gmt":"2020-01-06T18:22:19","guid":{"rendered":"https:\/\/bellypaintings.de\/?page_id=29104"},"modified":"2025-09-09T17:04:56","modified_gmt":"2025-09-09T17:04:56","slug":"impressum","status":"publish","type":"page","link":"https:\/\/bellypaintings.de\/index.php\/impressum\/","title":{"rendered":"Impressum"},"content":{"rendered":"<p>[et_pb_section fb_built=&#8220;1&#8243; admin_label=&#8220;section&#8220; _builder_version=&#8220;4.16&#8243; width=&#8220;98.7%&#8220; custom_margin=&#8220;|70px||||&#8220; custom_padding=&#8220;14px|3px|8px|||&#8220; global_colors_info=&#8220;{}&#8220;][et_pb_row _builder_version=&#8220;4.16&#8243; width=&#8220;90.5%&#8220; max_width=&#8220;2560px&#8220; min_height=&#8220;1257px&#8220; custom_margin=&#8220;|9px||auto||&#8220; custom_padding=&#8220;|||0px||&#8220; global_colors_info=&#8220;{}&#8220;][et_pb_column type=&#8220;4_4&#8243; _builder_version=&#8220;4.16&#8243; global_colors_info=&#8220;{}&#8220;][et_pb_text admin_label=&#8220;Title&#8220; _builder_version=&#8220;4.27.4&#8243; text_font=&#8220;Open Sans Regular||||||||&#8220; text_text_color=&#8220;#000000&#8243; text_font_size=&#8220;18px&#8220; header_font=&#8220;Open Sans Semibold||||||||&#8220; header_text_color=&#8220;rgba(0,0,0,0.6)&#8220; header_font_size=&#8220;28px&#8220; header_line_height=&#8220;1.5em&#8220; background_layout=&#8220;dark&#8220; max_width=&#8220;600px&#8220; min_height=&#8220;75px&#8220; custom_margin=&#8220;-37px||1px|||&#8220; custom_padding=&#8220;26px||9px|||&#8220; animation_style=&#8220;fold&#8220; animation_direction=&#8220;bottom&#8220; animation_delay=&#8220;50ms&#8220; animation_intensity_fold=&#8220;30%&#8220; animation_starting_opacity=&#8220;100%&#8220; hover_enabled=&#8220;0&#8243; global_colors_info=&#8220;{}&#8220; sticky_enabled=&#8220;0&#8243;]<\/p>\n<h1><span>Impressum<\/span><\/h1>\n<p>[\/et_pb_text][et_pb_text _builder_version=&#8220;4.27.4&#8243; text_font=&#8220;Open Sans Regular||||||||&#8220; text_text_color=&#8220;rgba(0,0,0,0.6)&#8220; text_font_size=&#8220;20px&#8220; text_line_height=&#8220;1.8em&#8220; header_font=&#8220;||||||||&#8220; background_layout=&#8220;dark&#8220; width=&#8220;100%&#8220; min_height=&#8220;233px&#8220; custom_margin=&#8220;|219px|0px||false|false&#8220; custom_padding=&#8220;0px|0px|39px|0px||&#8220; animation_style=&#8220;fold&#8220; animation_direction=&#8220;bottom&#8220; animation_delay=&#8220;100ms&#8220; animation_intensity_fold=&#8220;30%&#8220; animation_starting_opacity=&#8220;100%&#8220; inline_fonts=&#8220;Open Sans Regular&#8220; global_colors_info=&#8220;{}&#8220;]<\/p>\n<p class=\"p1\"><span class=\"s1\">www.bellypaintings.de<\/span><span class=\"s2\"><br \/>Michaela Zeng &amp; Andr\u00e9 Link<br \/>Dipl.-Designer (FH), Bodypainter, K\u00fcnstler, Mitglieder im BBK Region Mannheim e.V. (Berufsverband f\u00fcr Bildende K\u00fcnstler)<\/span><\/p>\n<p class=\"p1\"><span class=\"s2\">Rechtsform:<br \/>Einzelunternehmen<br \/>(Gewerbetreibender):<br \/>Andr\u00e9 Link<br \/>Ringstra\u00dfe 88<br \/>68623 Lampertheim<\/span><\/p>\n<p class=\"p1\"><span class=\"s2\">Kontakt:<br \/>Telefon <span>017638076510<\/span><br \/>E-Mail: info(at)farbtraeume.com<br \/>www.farbtraeume.com<\/span><\/p>\n<p class=\"p1\"><span class=\"s2\">Umsatzsteuer-ID:<br \/>Umsatzsteuer-<br \/>Identifikationsnummer<br \/>gem\u00e4\u00df \u00a727 a Umsatzsteuergesetz:<br \/>DE189940727<\/span><\/p>\n<p class=\"p1\"><span class=\"s2\"><a href=\"https:\/\/ec.europa.eu\/consumers\/odr\"><span class=\"s4\"><\/span><\/a>Wir sind zur Teilnahme an einem\u00a0Streitbeilegungsverfahren vor einer Verbraucher- schlichtungsstelle weder\u00a0verpflichtet noch bereit.<\/span><\/p>\n<p class=\"p2\"><span style=\"font-size: 18px;\"><span>Verantwortliche\/r i.S.d. \u00a7 18 Abs. 2 MStV<\/span>: Andr\u00e9 Link, Ringstra\u00dfe 88, 68623 Lampertheim<br \/><\/span><span class=\"s2\"><\/span><span style=\"font-size: 18px;\">Gestaltung und technische Umsetzung\u00a0dieser Website:\u00a0<\/span><a href=\"https:\/\/farbtraeume.com\/design.html\" style=\"font-size: 20px;\" title=\"Farbtr\u00e4ume. Werbung Design Kunst\"><span class=\"s3\">farbtraeume.com<\/span><\/a><\/p>\n<p class=\"p2\"><span class=\"s3\"><\/span><\/p>\n<p><strong>Zus\u00e4tzliche Hinweise:<\/strong><br \/>Alle Bilder und Texte auf unseren Websites sind urheberrechtlich gesch\u00fctzt. Alle Nutzungsrechte vorbehalten! Alle Bilder und Texte sofern nicht anders angegeben \u00a9 2004 \u2013 2025 by Andr\u00e9 Link und Michaela Zeng<span><\/span><span><\/span><\/p>\n<p><strong>Social Media:<br \/><\/strong>Dieses Impressum gilt auch f\u00fcr unsere Social-Media-Auftritte auf Facebook, Instagram, Youtube, Pinterest und Google.<\/p>\n<p><span><\/span><\/p>\n<p>[\/et_pb_text][\/et_pb_column][\/et_pb_row][\/et_pb_section]<\/p>\n","protected":false},"excerpt":{"rendered":"<p>Impressumwww.bellypaintings.deMichaela Zeng &amp; Andr\u00e9 LinkDipl.-Designer (FH), Bodypainter, K\u00fcnstler, Mitglieder im BBK Region Mannheim e.V. (Berufsverband f\u00fcr Bildende K\u00fcnstler) Rechtsform:Einzelunternehmen(Gewerbetreibender):Andr\u00e9 LinkRingstra\u00dfe 8868623 Lampertheim Kontakt:Telefon 017638076510E-Mail: info(at)farbtraeume.comwww.farbtraeume.com Umsatzsteuer-ID:Umsatzsteuer-Identifikationsnummergem\u00e4\u00df \u00a727 a Umsatzsteuergesetz:DE189940727 Wir sind zur Teilnahme an einem\u00a0Streitbeilegungsverfahren vor einer Verbraucher- schlichtungsstelle weder\u00a0verpflichtet noch bereit. Verantwortliche\/r i.S.d. \u00a7 18 Abs. 2 MStV: Andr\u00e9 Link, Ringstra\u00dfe 88, 68623 LampertheimGestaltung [&hellip;]<\/p>\n","protected":false},"author":3,"featured_media":0,"parent":0,"menu_order":0,"comment_status":"closed","ping_status":"closed","template":"","meta":{"_et_pb_use_builder":"on","_et_pb_old_content":"","_et_gb_content_width":"","footnotes":""},"class_list":["post-29104","page","type-page","status-publish","hentry"],"yoast_head":"<!-- This site is optimized with the Yoast SEO plugin v26.5 - https:\/\/yoast.com\/wordpress\/plugins\/seo\/ -->\n<title>Impressum &#8211; Babybauch bemalen das Bodypainting fu\u0308r Schwangere<\/title>\n<meta name=\"robots\" content=\"noindex, nofollow\" \/>\n<meta property=\"og:locale\" content=\"de_DE\" \/>\n<meta property=\"og:type\" content=\"article\" \/>\n<meta property=\"og:title\" content=\"Impressum &#8211; Babybauch bemalen das Bodypainting fu\u0308r Schwangere\" \/>\n<meta property=\"og:description\" content=\"Impressumwww.bellypaintings.deMichaela Zeng &amp; Andr\u00e9 LinkDipl.-Designer (FH), Bodypainter, K\u00fcnstler, Mitglieder im BBK Region Mannheim e.V. (Berufsverband f\u00fcr Bildende K\u00fcnstler) Rechtsform:Einzelunternehmen(Gewerbetreibender):Andr\u00e9 LinkRingstra\u00dfe 8868623 Lampertheim Kontakt:Telefon 017638076510E-Mail: info(at)farbtraeume.comwww.farbtraeume.com Umsatzsteuer-ID:Umsatzsteuer-Identifikationsnummergem\u00e4\u00df \u00a727 a Umsatzsteuergesetz:DE189940727 Wir sind zur Teilnahme an einem\u00a0Streitbeilegungsverfahren vor einer Verbraucher- schlichtungsstelle weder\u00a0verpflichtet noch bereit. Verantwortliche\/r i.S.d. \u00a7 18 Abs. 2 MStV: Andr\u00e9 Link, Ringstra\u00dfe 88, 68623 LampertheimGestaltung [&hellip;]\" \/>\n<meta property=\"og:url\" content=\"https:\/\/bellypaintings.de\/index.php\/impressum\/\" \/>\n<meta property=\"og:site_name\" content=\"Babybauch bemalen das Bodypainting fu\u0308r Schwangere\" \/>\n<meta property=\"article:modified_time\" content=\"2025-09-09T17:04:56+00:00\" \/>\n<meta name=\"twitter:card\" content=\"summary_large_image\" \/>\n<meta name=\"twitter:label1\" content=\"Gesch\u00e4tzte Lesezeit\" \/>\n\t<meta name=\"twitter:data1\" content=\"2\u00a0Minuten\" \/>\n<script type=\"application\/ld+json\" class=\"yoast-schema-graph\">{\"@context\":\"https:\/\/schema.org\",\"@graph\":[{\"@type\":\"WebPage\",\"@id\":\"https:\/\/bellypaintings.de\/index.php\/impressum\/\",\"url\":\"https:\/\/bellypaintings.de\/index.php\/impressum\/\",\"name\":\"Impressum &#8211; Babybauch bemalen das Bodypainting fu\u0308r Schwangere\",\"isPartOf\":{\"@id\":\"https:\/\/bellypaintings.de\/#website\"},\"datePublished\":\"2020-01-06T18:22:19+00:00\",\"dateModified\":\"2025-09-09T17:04:56+00:00\",\"breadcrumb\":{\"@id\":\"https:\/\/bellypaintings.de\/index.php\/impressum\/#breadcrumb\"},\"inLanguage\":\"de\",\"potentialAction\":[{\"@type\":\"ReadAction\",\"target\":[\"https:\/\/bellypaintings.de\/index.php\/impressum\/\"]}]},{\"@type\":\"BreadcrumbList\",\"@id\":\"https:\/\/bellypaintings.de\/index.php\/impressum\/#breadcrumb\",\"itemListElement\":[{\"@type\":\"ListItem\",\"position\":1,\"name\":\"Startseite\",\"item\":\"https:\/\/bellypaintings.de\/\"},{\"@type\":\"ListItem\",\"position\":2,\"name\":\"Impressum\"}]},{\"@type\":\"WebSite\",\"@id\":\"https:\/\/bellypaintings.de\/#website\",\"url\":\"https:\/\/bellypaintings.de\/\",\"name\":\"Babybauch bemalen das Bodypainting fu\u0308r Schwangere\",\"description\":\"Bauchbemalungen von Michaela Zeng &amp; Andr\u00e9 Link\",\"potentialAction\":[{\"@type\":\"SearchAction\",\"target\":{\"@type\":\"EntryPoint\",\"urlTemplate\":\"https:\/\/bellypaintings.de\/?s={search_term_string}\"},\"query-input\":{\"@type\":\"PropertyValueSpecification\",\"valueRequired\":true,\"valueName\":\"search_term_string\"}}],\"inLanguage\":\"de\"}]}<\/script>\n<!-- \/ Yoast SEO plugin. -->","yoast_head_json":{"title":"Impressum &#8211; Babybauch bemalen das Bodypainting fu\u0308r Schwangere","robots":{"index":"noindex","follow":"nofollow"},"og_locale":"de_DE","og_type":"article","og_title":"Impressum &#8211; Babybauch bemalen das Bodypainting fu\u0308r Schwangere","og_description":"Impressumwww.bellypaintings.deMichaela Zeng &amp; Andr\u00e9 LinkDipl.-Designer (FH), Bodypainter, K\u00fcnstler, Mitglieder im BBK Region Mannheim e.V. (Berufsverband f\u00fcr Bildende K\u00fcnstler) Rechtsform:Einzelunternehmen(Gewerbetreibender):Andr\u00e9 LinkRingstra\u00dfe 8868623 Lampertheim Kontakt:Telefon 017638076510E-Mail: info(at)farbtraeume.comwww.farbtraeume.com Umsatzsteuer-ID:Umsatzsteuer-Identifikationsnummergem\u00e4\u00df \u00a727 a Umsatzsteuergesetz:DE189940727 Wir sind zur Teilnahme an einem\u00a0Streitbeilegungsverfahren vor einer Verbraucher- schlichtungsstelle weder\u00a0verpflichtet noch bereit. Verantwortliche\/r i.S.d. \u00a7 18 Abs. 2 MStV: Andr\u00e9 Link, Ringstra\u00dfe 88, 68623 LampertheimGestaltung [&hellip;]","og_url":"https:\/\/bellypaintings.de\/index.php\/impressum\/","og_site_name":"Babybauch bemalen das Bodypainting fu\u0308r Schwangere","article_modified_time":"2025-09-09T17:04:56+00:00","twitter_card":"summary_large_image","twitter_misc":{"Gesch\u00e4tzte Lesezeit":"2\u00a0Minuten"},"schema":{"@context":"https:\/\/schema.org","@graph":[{"@type":"WebPage","@id":"https:\/\/bellypaintings.de\/index.php\/impressum\/","url":"https:\/\/bellypaintings.de\/index.php\/impressum\/","name":"Impressum &#8211; Babybauch bemalen das Bodypainting fu\u0308r Schwangere","isPartOf":{"@id":"https:\/\/bellypaintings.de\/#website"},"datePublished":"2020-01-06T18:22:19+00:00","dateModified":"2025-09-09T17:04:56+00:00","breadcrumb":{"@id":"https:\/\/bellypaintings.de\/index.php\/impressum\/#breadcrumb"},"inLanguage":"de","potentialAction":[{"@type":"ReadAction","target":["https:\/\/bellypaintings.de\/index.php\/impressum\/"]}]},{"@type":"BreadcrumbList","@id":"https:\/\/bellypaintings.de\/index.php\/impressum\/#breadcrumb","itemListElement":[{"@type":"ListItem","position":1,"name":"Startseite","item":"https:\/\/bellypaintings.de\/"},{"@type":"ListItem","position":2,"name":"Impressum"}]},{"@type":"WebSite","@id":"https:\/\/bellypaintings.de\/#website","url":"https:\/\/bellypaintings.de\/","name":"Babybauch bemalen das Bodypainting fu\u0308r Schwangere","description":"Bauchbemalungen von Michaela Zeng &amp; Andr\u00e9 Link","potentialAction":[{"@type":"SearchAction","target":{"@type":"EntryPoint","urlTemplate":"https:\/\/bellypaintings.de\/?s={search_term_string}"},"query-input":{"@type":"PropertyValueSpecification","valueRequired":true,"valueName":"search_term_string"}}],"inLanguage":"de"}]}},"_links":{"self":[{"href":"https:\/\/bellypaintings.de\/index.php\/wp-json\/wp\/v2\/pages\/29104","targetHints":{"allow":["GET"]}}],"collection":[{"href":"https:\/\/bellypaintings.de\/index.php\/wp-json\/wp\/v2\/pages"}],"about":[{"href":"https:\/\/bellypaintings.de\/index.php\/wp-json\/wp\/v2\/types\/page"}],"author":[{"embeddable":true,"href":"https:\/\/bellypaintings.de\/index.php\/wp-json\/wp\/v2\/users\/3"}],"replies":[{"embeddable":true,"href":"https:\/\/bellypaintings.de\/index.php\/wp-json\/wp\/v2\/comments?post=29104"}],"version-history":[{"count":72,"href":"https:\/\/bellypaintings.de\/index.php\/wp-json\/wp\/v2\/pages\/29104\/revisions"}],"predecessor-version":[{"id":35251,"href":"https:\/\/bellypaintings.de\/index.php\/wp-json\/wp\/v2\/pages\/29104\/revisions\/35251"}],"wp:attachment":[{"href":"https:\/\/bellypaintings.de\/index.php\/wp-json\/wp\/v2\/media?parent=29104"}],"curies":[{"name":"wp","href":"https:\/\/api.w.org\/{rel}","templated":true}]}}