{"id":32456,"date":"2020-05-05T10:05:45","date_gmt":"2020-05-05T10:05:45","guid":{"rendered":"https:\/\/bellypaintings.de\/?page_id=32456"},"modified":"2021-09-12T15:32:43","modified_gmt":"2021-09-12T15:32:43","slug":"kontakt","status":"publish","type":"page","link":"https:\/\/bellypaintings.de\/index.php\/kontakt\/","title":{"rendered":"Kontakt"},"content":{"rendered":"<p>[et_pb_section fb_built=&#8220;1&#8243; admin_label=&#8220;Recipes&#8220; _builder_version=&#8220;4.0.10&#8243; background_enable_image=&#8220;off&#8220; background_size=&#8220;initial&#8220; custom_padding=&#8220;41px||2px|0px||&#8220; global_colors_info=&#8220;{}&#8220;][et_pb_row _builder_version=&#8220;4.4.1&#8243; min_height=&#8220;164px&#8220; custom_margin=&#8220;33px|auto||auto||&#8220; custom_padding=&#8220;1px||0px|||&#8220; global_colors_info=&#8220;{}&#8220;][et_pb_column type=&#8220;4_4&#8243; _builder_version=&#8220;4.4.1&#8243; global_colors_info=&#8220;{}&#8220;][et_pb_text _builder_version=&#8220;4.9.11&#8243; text_font=&#8220;Open Sans Regular||||||||&#8220; text_text_color=&#8220;rgba(0,0,0,0.6)&#8220; text_font_size=&#8220;18px&#8220; text_line_height=&#8220;1.5em&#8220; header_font=&#8220;Open Sans Semibold||||||||&#8220; header_text_color=&#8220;rgba(0,0,0,0.6)&#8220; header_font_size=&#8220;26px&#8220; header_line_height=&#8220;1.5em&#8220; custom_margin=&#8220;||0px||false|false&#8220; custom_padding=&#8220;0px||10px||false|false&#8220; inline_fonts=&#8220;Open Sans Semibold,My Garamond halbfett&#8220; global_colors_info=&#8220;{}&#8220;]<\/p>\n<h1 class=\"p1\">Sch\u00f6n da\u00df Du Kontakt mit uns aufnehmen m\u00f6chtest!<\/h1>\n<p><span><\/span><\/p>\n<p>[\/et_pb_text][et_pb_text _builder_version=&#8220;4.9.11&#8243; text_font=&#8220;Open Sans Regular||||||||&#8220; text_text_color=&#8220;rgba(0,0,0,0.6)&#8220; text_font_size=&#8220;18px&#8220; text_line_height=&#8220;1.5em&#8220; min_height=&#8220;70px&#8220; custom_margin=&#8220;||16px||false|false&#8220; custom_padding=&#8220;0px||4px||false|false&#8220; hover_enabled=&#8220;0&#8243; inline_fonts=&#8220;Open Sans Semibold,My Garamond halbfett&#8220; global_colors_info=&#8220;{}&#8220; sticky_enabled=&#8220;0&#8243;]<\/p>\n<p>Hast Du Fragen oder m\u00f6chtest Du ein Angebot?<\/p>\n<p>M\u00f6chtest Du einen Termin vereinbaren, geht es um ein Kinderzimmer-Gem\u00e4lde oder m\u00f6chtest Du einen Gutschein bestellen?<\/p>\n<p>Schreib uns doch einfach eine Nachricht per E-Mail an <a href=\"mailto:info@farbtraeume.com\">info@farbtraeume.com<\/a>.<\/p>\n<p>Wir melden uns sobald wie m\u00f6glich bei dir!<\/p>\n<p><span class=\"s1\"><\/span><\/p>\n<p>[\/et_pb_text][\/et_pb_column][\/et_pb_row][\/et_pb_section][et_pb_section fb_built=&#8220;1&#8243; _builder_version=&#8220;4.4.1&#8243; background_color=&#8220;#fcd0e4&#8243; min_height=&#8220;128px&#8220; custom_margin=&#8220;10px|||||&#8220; custom_padding=&#8220;21px||0px|||&#8220; global_colors_info=&#8220;{}&#8220;][et_pb_row column_structure=&#8220;1_3,1_3,1_3&#8243; _builder_version=&#8220;4.4.1&#8243; custom_padding=&#8220;9px|||||&#8220; global_colors_info=&#8220;{}&#8220;][et_pb_column type=&#8220;1_3&#8243; _builder_version=&#8220;4.4.1&#8243; global_colors_info=&#8220;{}&#8220;][et_pb_image src=&#8220;https:\/\/bellypaintings.de\/wp-content\/uploads\/2020\/03\/galerie-1.png&#8220; url=&#8220;@ET-DC@eyJkeW5hbWljIjp0cnVlLCJjb250ZW50IjoicG9zdF9saW5rX3VybF9wYWdlIiwic2V0dGluZ3MiOnsicG9zdF9pZCI6IjMxMTg4In19@&#8220; align=&#8220;center&#8220; _builder_version=&#8220;4.4.1&#8243; _dynamic_attributes=&#8220;url&#8220; custom_margin=&#8220;||4px|||&#8220; custom_padding=&#8220;||0px|||&#8220; global_colors_info=&#8220;{}&#8220;][\/et_pb_image][et_pb_button button_url=&#8220;@ET-DC@eyJkeW5hbWljIjp0cnVlLCJjb250ZW50IjoicG9zdF9saW5rX3VybF9wYWdlIiwic2V0dGluZ3MiOnsicG9zdF9pZCI6IjMxMTg4In19@&#8220; button_text=&#8220;Galerie&#8220; button_alignment=&#8220;center&#8220; _builder_version=&#8220;4.4.1&#8243; _dynamic_attributes=&#8220;button_url&#8220; custom_button=&#8220;on&#8220; button_text_size=&#8220;18px&#8220; button_text_color=&#8220;rgba(0,0,0,0.6)&#8220; button_bg_color=&#8220;rgba(255,255,255,0.5)&#8220; button_border_width=&#8220;1px&#8220; button_border_color=&#8220;rgba(0,0,0,0.6)&#8220; button_border_radius=&#8220;28px&#8220; button_icon_color=&#8220;#e02b20&#8243; custom_margin=&#8220;||21px|||&#8220; global_colors_info=&#8220;{}&#8220;][\/et_pb_button][\/et_pb_column][et_pb_column type=&#8220;1_3&#8243; _builder_version=&#8220;4.4.1&#8243; global_colors_info=&#8220;{}&#8220;][et_pb_image src=&#8220;https:\/\/bellypaintings.de\/wp-content\/uploads\/2020\/03\/faq.png&#8220; url=&#8220;@ET-DC@eyJkeW5hbWljIjp0cnVlLCJjb250ZW50IjoicG9zdF9saW5rX3VybF9wYWdlIiwic2V0dGluZ3MiOnsicG9zdF9pZCI6IjI5NjUwIn19@&#8220; align=&#8220;center&#8220; _builder_version=&#8220;4.4.1&#8243; _dynamic_attributes=&#8220;url&#8220; custom_margin=&#8220;||4px|||&#8220; global_colors_info=&#8220;{}&#8220;][\/et_pb_image][et_pb_button button_url=&#8220;@ET-DC@eyJkeW5hbWljIjp0cnVlLCJjb250ZW50IjoicG9zdF9saW5rX3VybF9wYWdlIiwic2V0dGluZ3MiOnsicG9zdF9pZCI6IjI5NjUwIn19@&#8220; button_text=&#8220;FAQ&#8220; button_alignment=&#8220;center&#8220; _builder_version=&#8220;4.4.1&#8243; _dynamic_attributes=&#8220;button_url&#8220; custom_button=&#8220;on&#8220; button_text_size=&#8220;18px&#8220; button_text_color=&#8220;rgba(0,0,0,0.6)&#8220; button_bg_color=&#8220;rgba(255,255,255,0.5)&#8220; button_border_width=&#8220;1px&#8220; button_border_color=&#8220;rgba(0,0,0,0.6)&#8220; button_border_radius=&#8220;28px&#8220; button_icon_color=&#8220;#e02b20&#8243; custom_margin=&#8220;||21px|||&#8220; global_colors_info=&#8220;{}&#8220;][\/et_pb_button][\/et_pb_column][et_pb_column type=&#8220;1_3&#8243; _builder_version=&#8220;4.4.1&#8243; global_colors_info=&#8220;{}&#8220;][et_pb_image src=&#8220;https:\/\/bellypaintings.de\/wp-content\/uploads\/2020\/03\/blog-1.png&#8220; url=&#8220;@ET-DC@eyJkeW5hbWljIjp0cnVlLCJjb250ZW50IjoicG9zdF9saW5rX3VybF9wYWdlIiwic2V0dGluZ3MiOnsicG9zdF9pZCI6IjI5MDczIn19@&#8220; align=&#8220;center&#8220; _builder_version=&#8220;4.4.1&#8243; _dynamic_attributes=&#8220;url&#8220; custom_margin=&#8220;||4px|||&#8220; global_colors_info=&#8220;{}&#8220;][\/et_pb_image][et_pb_button button_url=&#8220;@ET-DC@eyJkeW5hbWljIjp0cnVlLCJjb250ZW50IjoicG9zdF9saW5rX3VybF9wYWdlIiwic2V0dGluZ3MiOnsicG9zdF9pZCI6IjI5MDczIn19@&#8220; button_text=&#8220;Blog&#8220; button_alignment=&#8220;center&#8220; _builder_version=&#8220;4.4.1&#8243; _dynamic_attributes=&#8220;button_url&#8220; custom_button=&#8220;on&#8220; button_text_size=&#8220;18px&#8220; button_text_color=&#8220;rgba(0,0,0,0.6)&#8220; button_bg_color=&#8220;rgba(255,255,255,0.5)&#8220; button_border_width=&#8220;1px&#8220; button_border_color=&#8220;rgba(0,0,0,0.6)&#8220; button_border_radius=&#8220;28px&#8220; button_icon_color=&#8220;#e02b20&#8243; custom_margin=&#8220;||22px|||&#8220; global_colors_info=&#8220;{}&#8220;][\/et_pb_button][\/et_pb_column][\/et_pb_row][\/et_pb_section]<\/p>\n","protected":false},"excerpt":{"rendered":"<p>Sch\u00f6n da\u00df Du Kontakt mit uns aufnehmen m\u00f6chtest! Hast Du Fragen oder m\u00f6chtest Du ein Angebot? M\u00f6chtest Du einen Termin vereinbaren, geht es um ein Kinderzimmer-Gem\u00e4lde oder m\u00f6chtest Du einen Gutschein bestellen? Schreib uns doch einfach eine Nachricht per E-Mail an info@farbtraeume.com. Wir melden uns sobald wie m\u00f6glich bei dir!<\/p>\n","protected":false},"author":3,"featured_media":0,"parent":0,"menu_order":0,"comment_status":"closed","ping_status":"closed","template":"","meta":{"_et_pb_use_builder":"on","_et_pb_old_content":"","_et_gb_content_width":"","footnotes":""},"class_list":["post-32456","page","type-page","status-publish","hentry"],"yoast_head":"<!-- This site is optimized with the Yoast SEO plugin v26.5 - https:\/\/yoast.com\/wordpress\/plugins\/seo\/ -->\n<title>Kontakt &#8211; Babybauch bemalen das Bodypainting fu\u0308r Schwangere<\/title>\n<meta name=\"robots\" content=\"index, follow, max-snippet:-1, max-image-preview:large, max-video-preview:-1\" \/>\n<link rel=\"canonical\" href=\"https:\/\/bellypaintings.de\/index.php\/kontakt\/\" \/>\n<meta property=\"og:locale\" content=\"de_DE\" \/>\n<meta property=\"og:type\" content=\"article\" \/>\n<meta property=\"og:title\" content=\"Kontakt &#8211; Babybauch bemalen das Bodypainting fu\u0308r Schwangere\" \/>\n<meta property=\"og:description\" content=\"Sch\u00f6n da\u00df Du Kontakt mit uns aufnehmen m\u00f6chtest! Hast Du Fragen oder m\u00f6chtest Du ein Angebot? M\u00f6chtest Du einen Termin vereinbaren, geht es um ein Kinderzimmer-Gem\u00e4lde oder m\u00f6chtest Du einen Gutschein bestellen? Schreib uns doch einfach eine Nachricht per E-Mail an info@farbtraeume.com. Wir melden uns sobald wie m\u00f6glich bei dir!\" \/>\n<meta property=\"og:url\" content=\"https:\/\/bellypaintings.de\/index.php\/kontakt\/\" \/>\n<meta property=\"og:site_name\" content=\"Babybauch bemalen das Bodypainting fu\u0308r Schwangere\" \/>\n<meta property=\"article:modified_time\" content=\"2021-09-12T15:32:43+00:00\" \/>\n<meta name=\"twitter:card\" content=\"summary_large_image\" \/>\n<meta name=\"twitter:label1\" content=\"Gesch\u00e4tzte Lesezeit\" \/>\n\t<meta name=\"twitter:data1\" content=\"3\u00a0Minuten\" \/>\n<script type=\"application\/ld+json\" class=\"yoast-schema-graph\">{\"@context\":\"https:\/\/schema.org\",\"@graph\":[{\"@type\":\"WebPage\",\"@id\":\"https:\/\/bellypaintings.de\/index.php\/kontakt\/\",\"url\":\"https:\/\/bellypaintings.de\/index.php\/kontakt\/\",\"name\":\"Kontakt &#8211; Babybauch bemalen das Bodypainting fu\u0308r Schwangere\",\"isPartOf\":{\"@id\":\"https:\/\/bellypaintings.de\/#website\"},\"datePublished\":\"2020-05-05T10:05:45+00:00\",\"dateModified\":\"2021-09-12T15:32:43+00:00\",\"breadcrumb\":{\"@id\":\"https:\/\/bellypaintings.de\/index.php\/kontakt\/#breadcrumb\"},\"inLanguage\":\"de\",\"potentialAction\":[{\"@type\":\"ReadAction\",\"target\":[\"https:\/\/bellypaintings.de\/index.php\/kontakt\/\"]}]},{\"@type\":\"BreadcrumbList\",\"@id\":\"https:\/\/bellypaintings.de\/index.php\/kontakt\/#breadcrumb\",\"itemListElement\":[{\"@type\":\"ListItem\",\"position\":1,\"name\":\"Startseite\",\"item\":\"https:\/\/bellypaintings.de\/\"},{\"@type\":\"ListItem\",\"position\":2,\"name\":\"Kontakt\"}]},{\"@type\":\"WebSite\",\"@id\":\"https:\/\/bellypaintings.de\/#website\",\"url\":\"https:\/\/bellypaintings.de\/\",\"name\":\"Babybauch bemalen das Bodypainting fu\u0308r Schwangere\",\"description\":\"Bauchbemalungen von Michaela Zeng &amp; Andr\u00e9 Link\",\"potentialAction\":[{\"@type\":\"SearchAction\",\"target\":{\"@type\":\"EntryPoint\",\"urlTemplate\":\"https:\/\/bellypaintings.de\/?s={search_term_string}\"},\"query-input\":{\"@type\":\"PropertyValueSpecification\",\"valueRequired\":true,\"valueName\":\"search_term_string\"}}],\"inLanguage\":\"de\"}]}<\/script>\n<!-- \/ Yoast SEO plugin. -->","yoast_head_json":{"title":"Kontakt &#8211; Babybauch bemalen das Bodypainting fu\u0308r Schwangere","robots":{"index":"index","follow":"follow","max-snippet":"max-snippet:-1","max-image-preview":"max-image-preview:large","max-video-preview":"max-video-preview:-1"},"canonical":"https:\/\/bellypaintings.de\/index.php\/kontakt\/","og_locale":"de_DE","og_type":"article","og_title":"Kontakt &#8211; Babybauch bemalen das Bodypainting fu\u0308r Schwangere","og_description":"Sch\u00f6n da\u00df Du Kontakt mit uns aufnehmen m\u00f6chtest! Hast Du Fragen oder m\u00f6chtest Du ein Angebot? M\u00f6chtest Du einen Termin vereinbaren, geht es um ein Kinderzimmer-Gem\u00e4lde oder m\u00f6chtest Du einen Gutschein bestellen? Schreib uns doch einfach eine Nachricht per E-Mail an info@farbtraeume.com. Wir melden uns sobald wie m\u00f6glich bei dir!","og_url":"https:\/\/bellypaintings.de\/index.php\/kontakt\/","og_site_name":"Babybauch bemalen das Bodypainting fu\u0308r Schwangere","article_modified_time":"2021-09-12T15:32:43+00:00","twitter_card":"summary_large_image","twitter_misc":{"Gesch\u00e4tzte Lesezeit":"3\u00a0Minuten"},"schema":{"@context":"https:\/\/schema.org","@graph":[{"@type":"WebPage","@id":"https:\/\/bellypaintings.de\/index.php\/kontakt\/","url":"https:\/\/bellypaintings.de\/index.php\/kontakt\/","name":"Kontakt &#8211; Babybauch bemalen das Bodypainting fu\u0308r Schwangere","isPartOf":{"@id":"https:\/\/bellypaintings.de\/#website"},"datePublished":"2020-05-05T10:05:45+00:00","dateModified":"2021-09-12T15:32:43+00:00","breadcrumb":{"@id":"https:\/\/bellypaintings.de\/index.php\/kontakt\/#breadcrumb"},"inLanguage":"de","potentialAction":[{"@type":"ReadAction","target":["https:\/\/bellypaintings.de\/index.php\/kontakt\/"]}]},{"@type":"BreadcrumbList","@id":"https:\/\/bellypaintings.de\/index.php\/kontakt\/#breadcrumb","itemListElement":[{"@type":"ListItem","position":1,"name":"Startseite","item":"https:\/\/bellypaintings.de\/"},{"@type":"ListItem","position":2,"name":"Kontakt"}]},{"@type":"WebSite","@id":"https:\/\/bellypaintings.de\/#website","url":"https:\/\/bellypaintings.de\/","name":"Babybauch bemalen das Bodypainting fu\u0308r Schwangere","description":"Bauchbemalungen von Michaela Zeng &amp; Andr\u00e9 Link","potentialAction":[{"@type":"SearchAction","target":{"@type":"EntryPoint","urlTemplate":"https:\/\/bellypaintings.de\/?s={search_term_string}"},"query-input":{"@type":"PropertyValueSpecification","valueRequired":true,"valueName":"search_term_string"}}],"inLanguage":"de"}]}},"_links":{"self":[{"href":"https:\/\/bellypaintings.de\/index.php\/wp-json\/wp\/v2\/pages\/32456","targetHints":{"allow":["GET"]}}],"collection":[{"href":"https:\/\/bellypaintings.de\/index.php\/wp-json\/wp\/v2\/pages"}],"about":[{"href":"https:\/\/bellypaintings.de\/index.php\/wp-json\/wp\/v2\/types\/page"}],"author":[{"embeddable":true,"href":"https:\/\/bellypaintings.de\/index.php\/wp-json\/wp\/v2\/users\/3"}],"replies":[{"embeddable":true,"href":"https:\/\/bellypaintings.de\/index.php\/wp-json\/wp\/v2\/comments?post=32456"}],"version-history":[{"count":15,"href":"https:\/\/bellypaintings.de\/index.php\/wp-json\/wp\/v2\/pages\/32456\/revisions"}],"predecessor-version":[{"id":35079,"href":"https:\/\/bellypaintings.de\/index.php\/wp-json\/wp\/v2\/pages\/32456\/revisions\/35079"}],"wp:attachment":[{"href":"https:\/\/bellypaintings.de\/index.php\/wp-json\/wp\/v2\/media?parent=32456"}],"curies":[{"name":"wp","href":"https:\/\/api.w.org\/{rel}","templated":true}]}}